{"id":6,"date":"2010-07-18T20:39:23","date_gmt":"2010-07-18T20:39:23","guid":{"rendered":"https:\/\/www.cynthialawson.com\/blog2\/?page_id=2"},"modified":"2025-02-12T18:29:14","modified_gmt":"2025-02-12T18:29:14","slug":"about","status":"publish","type":"page","link":"https:\/\/www.cynthialawson.com\/site\/","title":{"rendered":"About"},"content":{"rendered":"\n<div class=\"wp-block-media-text has-media-on-the-right is-stacked-on-mobile\" style=\"grid-template-columns:auto 20%\"><div class=\"wp-block-media-text__content\">\n<p>Cynthia Lawson Jaramillo (she\/her\/ella) is Professor of Integrated Design at Parsons School of Design, a practitioner and scholar of social design and design education, and an internationally exhibited artist. Since joining The New School in 2003, she has held several leadership roles including as Dean of the School of Design Strategies (2020-24) and Associate Provost for Distributed and Global Education (2012-17). Cynthia serves as Associate Editor of the Journal of Design Strategies, and is an active member of the design education networks of AIGA, Future of Design in Higher Education, and DEL Conference, for which she serves on the committee. As a consultant Cynthia has worked internationally with organizations such as CARE and the World Bank.<\/p>\n\n\n\n<p>A Fulbright scholar, her work on interdisciplinary design education, design and social impact, and the ethics of community engagement has appeared in several peer-reviewed journals, including Visible Language and Dialectic; and as book chapters, including in publications by MIT Press and Routledge. The DEED Lab, which Cynthia co-founded in 2007 and currently directs, is known globally for its research on the artisan sector \u2013 especially critiquing the role designers and entrepreneurs play in contributing to extracting money and value from craft communities. Her artwork centered around themes of time and transience and award-winning digital poetry (with S. Strickland) have been internationally exhibited and performed, including at The Kitchen and HERE Arts Center in New York City, UCLA Hammer Museum in Los Angeles, Point \u00c9ph\u00e9m\u00e8re in Paris, the Museums of Modern Art in Bogot\u00e1 and Medell\u00edn, Colombia.<\/p>\n\n\n\n<p>Cynthia received her B.S. in Electrical Engineering from Universidad de los Andes (Bogot\u00e1) and a Master\u2019s in Interactive Telecommunications from New York University\u2019s ITP. The daughter of expats, she was raised in five different cities in Latin America and abroad, and now lives in possibly the smallest neighborhood in Brooklyn \u2013 Greenwood Heights.<\/p>\n\n\n\n<p>You can connect with Cynthia on <a href=\"https:\/\/twitter.com\/lawsonjaramillo\" target=\"_blank\" rel=\"noreferrer noopener\">Bluesky<\/a> and <a href=\"https:\/\/www.instagram.com\/lawsonjaramillo\/\" target=\"_blank\" rel=\"noreferrer noopener\">Instagram<\/a>.<\/p>\n<\/div><figure class=\"wp-block-media-text__media\"><img loading=\"lazy\" decoding=\"async\" width=\"682\" height=\"1024\" src=\"https:\/\/www.cynthialawson.com\/site\/wp-content\/uploads\/2025\/02\/headshot_Cynthia-Lawson-Jaramillo-682x1024.jpeg\" alt=\"Photo of a white woman smiling, with reddish curly hair and wearing glasses. She seems to be outside in a park, and is wearing a Marimekko top.\" class=\"wp-image-761 size-full\" srcset=\"https:\/\/www.cynthialawson.com\/site\/wp-content\/uploads\/2025\/02\/headshot_Cynthia-Lawson-Jaramillo-682x1024.jpeg 682w, https:\/\/www.cynthialawson.com\/site\/wp-content\/uploads\/2025\/02\/headshot_Cynthia-Lawson-Jaramillo-200x300.jpeg 200w, https:\/\/www.cynthialawson.com\/site\/wp-content\/uploads\/2025\/02\/headshot_Cynthia-Lawson-Jaramillo-768x1153.jpeg 768w, https:\/\/www.cynthialawson.com\/site\/wp-content\/uploads\/2025\/02\/headshot_Cynthia-Lawson-Jaramillo-1023x1536.jpeg 1023w, https:\/\/www.cynthialawson.com\/site\/wp-content\/uploads\/2025\/02\/headshot_Cynthia-Lawson-Jaramillo.jpeg 1364w\" sizes=\"auto, (max-width: 682px) 100vw, 682px\" \/><\/figure><\/div>\n\n\n\n<p><\/p>\n","protected":false},"excerpt":{"rendered":"<p>Cynthia Lawson Jaramillo (she\/her\/ella) is Professor of Integrated Design at Parsons School of Design, a practitioner and scholar of social design and design education, and an internationally exhibited artist. Since joining The New School in 2003, she has held several leadership roles including as Dean of the School of Design Strategies (2020-24) and Associate Provost [&hellip;]<\/p>\n","protected":false},"author":1,"featured_media":0,"parent":0,"menu_order":0,"comment_status":"closed","ping_status":"closed","template":"","meta":{"footnotes":""},"class_list":["post-6","page","type-page","status-publish","hentry"],"_links":{"self":[{"href":"https:\/\/www.cynthialawson.com\/site\/index.php?rest_route=\/wp\/v2\/pages\/6","targetHints":{"allow":["GET"]}}],"collection":[{"href":"https:\/\/www.cynthialawson.com\/site\/index.php?rest_route=\/wp\/v2\/pages"}],"about":[{"href":"https:\/\/www.cynthialawson.com\/site\/index.php?rest_route=\/wp\/v2\/types\/page"}],"author":[{"embeddable":true,"href":"https:\/\/www.cynthialawson.com\/site\/index.php?rest_route=\/wp\/v2\/users\/1"}],"replies":[{"embeddable":true,"href":"https:\/\/www.cynthialawson.com\/site\/index.php?rest_route=%2Fwp%2Fv2%2Fcomments&post=6"}],"version-history":[{"count":10,"href":"https:\/\/www.cynthialawson.com\/site\/index.php?rest_route=\/wp\/v2\/pages\/6\/revisions"}],"predecessor-version":[{"id":767,"href":"https:\/\/www.cynthialawson.com\/site\/index.php?rest_route=\/wp\/v2\/pages\/6\/revisions\/767"}],"wp:attachment":[{"href":"https:\/\/www.cynthialawson.com\/site\/index.php?rest_route=%2Fwp%2Fv2%2Fmedia&parent=6"}],"curies":[{"name":"wp","href":"https:\/\/api.w.org\/{rel}","templated":true}]}}